{"id":50,"date":"2022-10-07T14:13:08","date_gmt":"2022-10-07T14:13:08","guid":{"rendered":"https:\/\/careerfair.phenorob.de\/?page_id=50"},"modified":"2025-06-03T09:59:28","modified_gmt":"2025-06-03T09:59:28","slug":"contact","status":"publish","type":"page","link":"https:\/\/inte23career.phenorob.inte23\/de\/contact\/","title":{"rendered":"Kontakt"},"content":{"rendered":"\n<p><strong>Bei Fragen k\u00f6nnen Sie sich gerne jederzeit an das PhenoRob Career Fair Team wenden!<\/strong><\/p>\n\n\n\n<p>Rheinische Friedrich-Wilhelms-Universit\u00e4t Bonn<br>Niebuhrstra\u00dfe 1a<br>53113 Bonn<\/p>\n\n\n\n<p>Telefon: +49 228 73 60864<br>Email: <a href=\"mailto:career@uni-bonn.de\" target=\"_blank\" rel=\"noreferrer noopener\"><a href=\"mailto:administration@phenorob.de\">administration@phenorob.de<\/a><\/a><\/p>\n\n\n\n<figure class=\"wp-block-image size-full\"><img fetchpriority=\"high\" decoding=\"async\" width=\"1989\" height=\"883\" src=\"https:\/\/inte23career.phenorob.inte23\/wp-content\/uploads\/2024\/11\/Bild1CF.png\" alt=\"\" class=\"wp-image-1013\" srcset=\"https:\/\/inte23career.phenorob.inte23\/wp-content\/uploads\/2024\/11\/Bild1CF.png 1989w, https:\/\/inte23career.phenorob.inte23\/wp-content\/uploads\/2024\/11\/Bild1CF-300x133.png 300w, https:\/\/inte23career.phenorob.inte23\/wp-content\/uploads\/2024\/11\/Bild1CF-1024x455.png 1024w, https:\/\/inte23career.phenorob.inte23\/wp-content\/uploads\/2024\/11\/Bild1CF-768x341.png 768w, https:\/\/inte23career.phenorob.inte23\/wp-content\/uploads\/2024\/11\/Bild1CF-1536x682.png 1536w, https:\/\/inte23career.phenorob.inte23\/wp-content\/uploads\/2024\/11\/Bild1CF-600x266.png 600w\" sizes=\"(max-width: 1989px) 100vw, 1989px\" \/><\/figure>\n\n\n\n<div style=\"height:100px\" aria-hidden=\"true\" class=\"wp-block-spacer\"><\/div>\n\n\n\n<p><a rel=\"noreferrer noopener\" href=\"https:\/\/www.phenorob.de\/impressum\/\" target=\"_blank\">Impressum &amp; Privacy Policy<\/a><\/p>\n","protected":false},"excerpt":{"rendered":"<p>Bei Fragen k\u00f6nnen Sie sich gerne jederzeit an das PhenoRob Career Fair Team wenden! Rheinische Friedrich-Wilhelms-Universit\u00e4t BonnNiebuhrstra\u00dfe 1a53113 Bonn Telefon: +49 228 73 60864Email: administration@phenorob.de Impressum &amp; Privacy Policy<\/p>\n","protected":false},"author":3,"featured_media":392,"parent":0,"menu_order":0,"comment_status":"closed","ping_status":"closed","template":"","meta":{"footnotes":""},"class_list":["post-50","page","type-page","status-publish","has-post-thumbnail","hentry"],"translation":{"provider":"WPGlobus","version":"3.0.0","language":"de","enabled_languages":["en","de"],"languages":{"en":{"title":true,"content":true,"excerpt":false},"de":{"title":true,"content":true,"excerpt":false}}},"featured_media_urls":{"thumbnail":["https:\/\/inte23career.phenorob.inte23\/wp-content\/uploads\/2022\/10\/IMG_0285_reduced-150x150.jpg",150,150,true],"medium":["https:\/\/inte23career.phenorob.inte23\/wp-content\/uploads\/2022\/10\/IMG_0285_reduced-300x200.jpg",300,200,true],"medium_large":["https:\/\/inte23career.phenorob.inte23\/wp-content\/uploads\/2022\/10\/IMG_0285_reduced-768x512.jpg",768,512,true],"large":["https:\/\/inte23career.phenorob.inte23\/wp-content\/uploads\/2022\/10\/IMG_0285_reduced-1024x683.jpg",950,634,true],"1536x1536":["https:\/\/inte23career.phenorob.inte23\/wp-content\/uploads\/2022\/10\/IMG_0285_reduced-1536x1024.jpg",1536,1024,true],"2048x2048":["https:\/\/inte23career.phenorob.inte23\/wp-content\/uploads\/2022\/10\/IMG_0285_reduced-2048x1365.jpg",2048,1365,true],"inspiro-featured-image":["https:\/\/inte23career.phenorob.inte23\/wp-content\/uploads\/2022\/10\/IMG_0285_reduced-2000x1333.jpg",2000,1333,true],"inspiro-loop":["https:\/\/inte23career.phenorob.inte23\/wp-content\/uploads\/2022\/10\/IMG_0285_reduced-950x320.jpg",950,320,true],"inspiro-loop@2x":["https:\/\/inte23career.phenorob.inte23\/wp-content\/uploads\/2022\/10\/IMG_0285_reduced-1900x640.jpg",1900,640,true],"portfolio_item-thumbnail":["https:\/\/inte23career.phenorob.inte23\/wp-content\/uploads\/2022\/10\/IMG_0285_reduced-600x400.jpg",600,400,true],"portfolio_item-thumbnail@2x":["https:\/\/inte23career.phenorob.inte23\/wp-content\/uploads\/2022\/10\/IMG_0285_reduced-scaled.jpg",1200,800,false],"portfolio_item-masonry":["https:\/\/inte23career.phenorob.inte23\/wp-content\/uploads\/2022\/10\/IMG_0285_reduced-600x400.jpg",600,400,true],"portfolio_item-masonry@2x":["https:\/\/inte23career.phenorob.inte23\/wp-content\/uploads\/2022\/10\/IMG_0285_reduced-scaled.jpg",1200,800,false],"portfolio_item-thumbnail_cinema":["https:\/\/inte23career.phenorob.inte23\/wp-content\/uploads\/2022\/10\/IMG_0285_reduced-800x335.jpg",800,335,true],"portfolio_item-thumbnail_portrait":["https:\/\/inte23career.phenorob.inte23\/wp-content\/uploads\/2022\/10\/IMG_0285_reduced-600x900.jpg",600,900,true],"portfolio_item-thumbnail_portrait@2x":["https:\/\/inte23career.phenorob.inte23\/wp-content\/uploads\/2022\/10\/IMG_0285_reduced-scaled.jpg",1200,800,false],"portfolio_item-thumbnail_square":["https:\/\/inte23career.phenorob.inte23\/wp-content\/uploads\/2022\/10\/IMG_0285_reduced-800x800.jpg",800,800,true]},"_links":{"self":[{"href":"https:\/\/inte23career.phenorob.inte23\/de\/wp-json\/wp\/v2\/pages\/50","targetHints":{"allow":["GET"]}}],"collection":[{"href":"https:\/\/inte23career.phenorob.inte23\/de\/wp-json\/wp\/v2\/pages"}],"about":[{"href":"https:\/\/inte23career.phenorob.inte23\/de\/wp-json\/wp\/v2\/types\/page"}],"author":[{"embeddable":true,"href":"https:\/\/inte23career.phenorob.inte23\/de\/wp-json\/wp\/v2\/users\/3"}],"replies":[{"embeddable":true,"href":"https:\/\/inte23career.phenorob.inte23\/de\/wp-json\/wp\/v2\/comments?post=50"}],"version-history":[{"count":25,"href":"https:\/\/inte23career.phenorob.inte23\/de\/wp-json\/wp\/v2\/pages\/50\/revisions"}],"predecessor-version":[{"id":1277,"href":"https:\/\/inte23career.phenorob.inte23\/de\/wp-json\/wp\/v2\/pages\/50\/revisions\/1277"}],"wp:featuredmedia":[{"embeddable":true,"href":"https:\/\/inte23career.phenorob.inte23\/de\/wp-json\/wp\/v2\/media\/392"}],"wp:attachment":[{"href":"https:\/\/inte23career.phenorob.inte23\/de\/wp-json\/wp\/v2\/media?parent=50"}],"curies":[{"name":"wp","href":"https:\/\/api.w.org\/{rel}","templated":true}]}}