{"id":2,"date":"2022-10-06T13:04:19","date_gmt":"2022-10-06T13:04:19","guid":{"rendered":"http:\/\/careerfair.phenorob.de\/?page_id=2"},"modified":"2025-06-03T11:32:34","modified_gmt":"2025-06-03T11:32:34","slug":"sample-page","status":"publish","type":"page","link":"https:\/\/inte23career.phenorob.inte23\/de\/","title":{"rendered":""},"content":{"rendered":"\n<p style=\"font-size:25px\">Am 9. Mai 2025 veranstaltete der durch die DFG gef\u00f6rderte Exzellenzcluster PhenoRob in Zusammenarbeit mit der Agrar-, Ern\u00e4hrungs- und Ingenieurwissenschaftlichen Fakult\u00e4t der Universit\u00e4t Bonn sowie der Theodor Brinkmann-Stiftung seine zweite Karrieremesse in Bonn. <\/p>\n\n\n\n<p style=\"font-size:25px\">Die Veranstaltung konzentrierte sich auf au\u00dferakademische Karrierewege f\u00fcr Nachwuchswissenschaftlerinnen und -wissenschaftler und stie\u00df auf gro\u00dfes f\u00e4cher\u00fcbergreifendes Interesse. Rund 30 Unternehmen und Organisationen \u2013 von Start-ups und Ministerien bis hin zu internationalen Konzernen \u2013 pr\u00e4sentierten Berufsm\u00f6glichkeiten in der Landwirtschaft und verwandten Bereichen wie autonomes Fahren, Vermessung und Ern\u00e4hrung. Ein besonderes Highlight war das \u201eSpeed-Dating\u201c, bei dem die Teilnehmenden direkt mit Arbeitgebern ins Gespr\u00e4ch kamen, Einblicke in verschiedene Berufsfelder erhielten und ihr berufliches Netzwerk \u00fcber die Wissenschaft hinaus erweiterten. Die Karrieremesse unterstrich die Bedeutung sektor\u00fcbergreifender Zusammenarbeit f\u00fcr die Gestaltung zuk\u00fcnftiger Karrieren in der nachhaltigen Landwirtschaft.<\/p>\n\n\n\n<div style=\"height:150px\" aria-hidden=\"true\" class=\"wp-block-spacer\"><\/div>\n\n\n\n<p><a href=\"https:\/\/www.phenorob.de\/impressum\/\" target=\"_blank\" rel=\"noreferrer noopener\">Impressum &amp; Privacy Policy<\/a><\/p>\n","protected":false},"excerpt":{"rendered":"<p>Am 9. Mai 2025 veranstaltete der durch die DFG gef\u00f6rderte Exzellenzcluster PhenoRob in Zusammenarbeit mit der Agrar-, Ern\u00e4hrungs- und Ingenieurwissenschaftlichen Fakult\u00e4t der Universit\u00e4t Bonn sowie der Theodor Brinkmann-Stiftung seine zweite Karrieremesse in Bonn. Die Veranstaltung konzentrierte sich auf au\u00dferakademische Karrierewege f\u00fcr Nachwuchswissenschaftlerinnen und -wissenschaftler und stie\u00df auf gro\u00dfes f\u00e4cher\u00fcbergreifendes Interesse. Rund 30 Unternehmen und Organisationen &hellip; <\/p>\n<p class=\"link-more\"><a href=\"https:\/\/inte23career.phenorob.inte23\/de\/\" class=\"more-link\">Read more<span class=\"screen-reader-text\"> &#8220;&#8221;<\/span><\/a><\/p>\n","protected":false},"author":3,"featured_media":0,"parent":0,"menu_order":0,"comment_status":"closed","ping_status":"open","template":"","meta":{"footnotes":""},"class_list":["post-2","page","type-page","status-publish","hentry"],"translation":{"provider":"WPGlobus","version":"3.0.0","language":"de","enabled_languages":["en","de"],"languages":{"en":{"title":false,"content":true,"excerpt":false},"de":{"title":false,"content":true,"excerpt":false}}},"featured_media_urls":[],"_links":{"self":[{"href":"https:\/\/inte23career.phenorob.inte23\/de\/wp-json\/wp\/v2\/pages\/2","targetHints":{"allow":["GET"]}}],"collection":[{"href":"https:\/\/inte23career.phenorob.inte23\/de\/wp-json\/wp\/v2\/pages"}],"about":[{"href":"https:\/\/inte23career.phenorob.inte23\/de\/wp-json\/wp\/v2\/types\/page"}],"author":[{"embeddable":true,"href":"https:\/\/inte23career.phenorob.inte23\/de\/wp-json\/wp\/v2\/users\/3"}],"replies":[{"embeddable":true,"href":"https:\/\/inte23career.phenorob.inte23\/de\/wp-json\/wp\/v2\/comments?post=2"}],"version-history":[{"count":47,"href":"https:\/\/inte23career.phenorob.inte23\/de\/wp-json\/wp\/v2\/pages\/2\/revisions"}],"predecessor-version":[{"id":1300,"href":"https:\/\/inte23career.phenorob.inte23\/de\/wp-json\/wp\/v2\/pages\/2\/revisions\/1300"}],"wp:attachment":[{"href":"https:\/\/inte23career.phenorob.inte23\/de\/wp-json\/wp\/v2\/media?parent=2"}],"curies":[{"name":"wp","href":"https:\/\/api.w.org\/{rel}","templated":true}]}}